{"id":3380,"date":"2026-02-16T20:45:43","date_gmt":"2026-02-16T20:45:43","guid":{"rendered":"https:\/\/inkrypto.pl\/?page_id=3380"},"modified":"2026-02-17T19:00:53","modified_gmt":"2026-02-17T19:00:53","slug":"narzedzia","status":"publish","type":"page","link":"https:\/\/inkrypto.pl\/blog\/narzedzia\/","title":{"rendered":"Narz\u0119dzia"},"content":{"rendered":"\r\n<!--  Starting Simple Link Directory Plugin Output -->\r\n\r\n<div class=\"qcopd_embed_container sld-top-area\">\r\n\r\n\t\r\n\r\n\r\n\r\n\r\n<\/div>\r\n<div class=\"qcld-main-container-style-1\"><div class=\"qcopd-list-wrapper\" ><div id=\"opd-list-holder\" class=\"qc-grid qcopd-list-holder opd-list-holder-style-1\">\r\n\t\t\r\n\r\n\t\t<div id=\"qcopd-list-1-3374\" class=\"qc-grid-item qcopd-list-column opd-column-1 style-1 opd-list-id-3374\">\r\n\r\n\t\t\t<div class=\"qcopd-single-list-1\">\r\n\t\t\t\t\r\n\t\t\t\t<h2>\r\n\t\t\t\t\tKursy\t\t\t\t<\/h2>\r\n\t\t\t\t<ul class=\"ca-menu\">\r\n\t\t\t\t\t\t\t\t\t\t\t\t\t\t\t\r\n\t\t\t\t\t<li id=\"item-3374-1\" style=\"\">\r\n\t\t\t\t\t\t\t\t\t\t\t\t<!-- List Anchor -->\r\n\t\t\t\t\t\t<a class=\"qcld-con-list-img\" rel=\"nofollow\" href=\"https:\/\/www.phil-konieczny.pl\/krypto-starter\" >\r\n\r\n\t\t\t\t\t\t\t<!-- Image, If Present -->\r\n\t\t\t\t\t\t\t\t\t\t\t\t\t\t\t<span class=\"ca-icon list-img-1\">\r\n\t\t\t\t\t\t\t\t\t\t\t\t\t\t\t\t\t\t<img decoding=\"async\" src=\"https:\/\/inkrypto.pl\/blog\/wp-content\/uploads\/2026\/02\/90ecb4338a8ba5623c914eccf85d999c.avif\" alt=\"Kryptostarter\">\r\n\t\t\t\t\t\t\t\t<\/span>\r\n\t\t\t\t\t\t\t\t\t\t\t\t\t\t<\/a>\r\n\t\t\t\t\t\t\t<a class=\"qcld-con-list\" rel=\"nofollow\" href=\"https:\/\/www.phil-konieczny.pl\/krypto-starter\" >\r\n\r\n\t\t\t\t\t\t\t<div class=\"qcld-sld-content-dividar visible\"><\/div>\r\n\t\t\t\t\t\t\t<!-- Link Text -->\r\n\t\t\t\t\t\t\t<div class=\"ca-content\">\r\n                                <h3 class=\"ca-main subtitle-present\">\r\n\t\t\t\t\t\t\t\tKryptostarter                                <\/h3>\r\n                                \t                                <p class=\"ca-sub\">\r\n\t                                JAK BEZ DO\u015aWIADCZENIA zacz\u0105\u0107 POMNA\u017bA\u0106 sw\u00f3j KAPITA\u0141 NA RYNKU\t                                <\/p>\r\n\t                                                        <\/div>\r\n\r\n\t\t\t\t\t\t<\/a>\r\n\t\t\t\t\t\t\t\t\t\t\t\t\r\n\t\t\t\t\t\t\t\t\t\t\t\t\r\n\t\t\t\t\t<\/li>\r\n\t\t\t\t\t\t\t\t\t<\/ul>\r\n\r\n\t\t\t<\/div>\r\n\t\t<\/div>\r\n\r\n\t\t\r\n\t\t\r\n\t\t\r\n\r\n\t\t<div id=\"qcopd-list-2-3391\" class=\"qc-grid-item qcopd-list-column opd-column-1 style-1 opd-list-id-3391\">\r\n\r\n\t\t\t<div class=\"qcopd-single-list-1\">\r\n\t\t\t\t\r\n\t\t\t\t<h2>\r\n\t\t\t\t\tAgregatory rynku\t\t\t\t<\/h2>\r\n\t\t\t\t<ul class=\"ca-menu\">\r\n\t\t\t\t\t\t\t\t\t\t\t\t\t\t\t\r\n\t\t\t\t\t<li id=\"item-3391-1\" style=\"\">\r\n\t\t\t\t\t\t\t\t\t\t\t\t<!-- List Anchor -->\r\n\t\t\t\t\t\t<a class=\"qcld-con-list-img\" rel=\"nofollow\" href=\"https:\/\/coinmarketcap.com\/\" target=\"_blank\">\r\n\r\n\t\t\t\t\t\t\t<!-- Image, If Present -->\r\n\t\t\t\t\t\t\t\t\t\t\t\t\t\t\t<span class=\"ca-icon list-img-1\">\r\n\t\t\t\t\t\t\t\t\t<img decoding=\"async\" src=\"https:\/\/inkrypto.pl\/blog\/wp-content\/plugins\/simple-link-directory\/assets\/images\/list-image-placeholder.png\" alt=\"\">\r\n\t\t\t\t\t\t\t\t<\/span>\r\n\t\t\t\t\t\t\t\t\t\t\t\t\t\t<\/a>\r\n\t\t\t\t\t\t\t<a class=\"qcld-con-list\" rel=\"nofollow\" href=\"https:\/\/coinmarketcap.com\/\" target=\"_blank\">\r\n\r\n\t\t\t\t\t\t\t<div class=\"qcld-sld-content-dividar visible\"><\/div>\r\n\t\t\t\t\t\t\t<!-- Link Text -->\r\n\t\t\t\t\t\t\t<div class=\"ca-content\">\r\n                                <h3 class=\"ca-main subtitle-present\">\r\n\t\t\t\t\t\t\t\tCoinmarketcap                                <\/h3>\r\n                                \t                                <p class=\"ca-sub\">\r\n\t                                najwi\u0119kszy agregator danych o kryptowalutach: kapitalizacja, wolumen, listy sektor\u00f3w, rankingi, dane historyczne; ma te\u017c osobne widoki np. dla yield agregator\u00f3w.\t                                <\/p>\r\n\t                                                        <\/div>\r\n\r\n\t\t\t\t\t\t<\/a>\r\n\t\t\t\t\t\t\t\t\t\t\t\t\r\n\t\t\t\t\t\t\t\t\t\t\t\t\r\n\t\t\t\t\t<\/li>\r\n\t\t\t\t\t\t\t\t\t\t\r\n\t\t\t\t\t<li id=\"item-3391-2\" style=\"\">\r\n\t\t\t\t\t\t\t\t\t\t\t\t<!-- List Anchor -->\r\n\t\t\t\t\t\t<a class=\"qcld-con-list-img\" rel=\"nofollow\" href=\"https:\/\/www.coingecko.com\/pl\" target=\"_blank\">\r\n\r\n\t\t\t\t\t\t\t<!-- Image, If Present -->\r\n\t\t\t\t\t\t\t\t\t\t\t\t\t\t\t<span class=\"ca-icon list-img-1\">\r\n\t\t\t\t\t\t\t\t\t<img decoding=\"async\" src=\"https:\/\/inkrypto.pl\/blog\/wp-content\/plugins\/simple-link-directory\/assets\/images\/list-image-placeholder.png\" alt=\"\">\r\n\t\t\t\t\t\t\t\t<\/span>\r\n\t\t\t\t\t\t\t\t\t\t\t\t\t\t<\/a>\r\n\t\t\t\t\t\t\t<a class=\"qcld-con-list\" rel=\"nofollow\" href=\"https:\/\/www.coingecko.com\/pl\" target=\"_blank\">\r\n\r\n\t\t\t\t\t\t\t<div class=\"qcld-sld-content-dividar visible\"><\/div>\r\n\t\t\t\t\t\t\t<!-- Link Text -->\r\n\t\t\t\t\t\t\t<div class=\"ca-content\">\r\n                                <h3 class=\"ca-main subtitle-present\">\r\n\t\t\t\t\t\t\t\tCoinGecko                                <\/h3>\r\n                                \t                                <p class=\"ca-sub\">\r\n\t                                alternatywny agregator z rozbudowanymi kategoriami, metrykami spo\u0142eczno\u015bci, podatno\u015bci na spadki\/pompy, API do w\u0142asnych projekt\u00f3w.\t                                <\/p>\r\n\t                                                        <\/div>\r\n\r\n\t\t\t\t\t\t<\/a>\r\n\t\t\t\t\t\t\t\t\t\t\t\t\r\n\t\t\t\t\t\t\t\t\t\t\t\t\r\n\t\t\t\t\t<\/li>\r\n\t\t\t\t\t\t\t\t\t\t\r\n\t\t\t\t\t<li id=\"item-3391-3\" style=\"\">\r\n\t\t\t\t\t\t\t\t\t\t\t\t<!-- List Anchor -->\r\n\t\t\t\t\t\t<a class=\"qcld-con-list-img\"  href=\"https:\/\/coinpaprika.com\/pl\/\" >\r\n\r\n\t\t\t\t\t\t\t<!-- Image, If Present -->\r\n\t\t\t\t\t\t\t\t\t\t\t\t\t\t\t<span class=\"ca-icon list-img-1\">\r\n\t\t\t\t\t\t\t\t\t<img decoding=\"async\" src=\"https:\/\/inkrypto.pl\/blog\/wp-content\/plugins\/simple-link-directory\/assets\/images\/list-image-placeholder.png\" alt=\"\">\r\n\t\t\t\t\t\t\t\t<\/span>\r\n\t\t\t\t\t\t\t\t\t\t\t\t\t\t<\/a>\r\n\t\t\t\t\t\t\t<a class=\"qcld-con-list\"  href=\"https:\/\/coinpaprika.com\/pl\/\" >\r\n\r\n\t\t\t\t\t\t\t<div class=\"qcld-sld-content-dividar visible\"><\/div>\r\n\t\t\t\t\t\t\t<!-- Link Text -->\r\n\t\t\t\t\t\t\t<div class=\"ca-content\">\r\n                                <h3 class=\"ca-main subtitle-present\">\r\n\t\t\t\t\t\t\t\tCoinPaprika                                <\/h3>\r\n                                \t                                <p class=\"ca-sub\">\r\n\t                                agregator tworzony przez polski zesp\u00f3\u0142, przejrzysty interfejs, dobre API, przydatny do budowy w\u0142asnych narz\u0119dzi i bot\u00f3w.\t                                <\/p>\r\n\t                                                        <\/div>\r\n\r\n\t\t\t\t\t\t<\/a>\r\n\t\t\t\t\t\t\t\t\t\t\t\t\r\n\t\t\t\t\t\t\t\t\t\t\t\t\r\n\t\t\t\t\t<\/li>\r\n\t\t\t\t\t\t\t\t\t<\/ul>\r\n\r\n\t\t\t<\/div>\r\n\t\t<\/div>\r\n\r\n\t\t\r\n\t\t\r\n\t\t\r\n\r\n\t\t<div id=\"qcopd-list-3-3394\" class=\"qc-grid-item qcopd-list-column opd-column-1 style-1 opd-list-id-3394\">\r\n\r\n\t\t\t<div class=\"qcopd-single-list-1\">\r\n\t\t\t\t\r\n\t\t\t\t<h2>\r\n\t\t\t\t\tAnalizy onchain i sentymentu\t\t\t\t<\/h2>\r\n\t\t\t\t<ul class=\"ca-menu\">\r\n\t\t\t\t\t\t\t\t\t\t\t\t\t\t\t\r\n\t\t\t\t\t<li id=\"item-3394-1\" style=\"\">\r\n\t\t\t\t\t\t\t\t\t\t\t\t<!-- List Anchor -->\r\n\t\t\t\t\t\t<a class=\"qcld-con-list-img\" rel=\"nofollow\" href=\"http:\/\/monitoring%20przep\u0142yw\u00f3w%20na%20gie\u0142dy,%20rezerw%20BTC\/ETH,%20stablecoin\u00f3w,%20wska\u017aniki%20miner\u00f3w,%20dobre%20do%20oceny%20sentymentu.\" target=\"_blank\">\r\n\r\n\t\t\t\t\t\t\t<!-- Image, If Present -->\r\n\t\t\t\t\t\t\t\t\t\t\t\t\t\t\t<span class=\"ca-icon list-img-1\">\r\n\t\t\t\t\t\t\t\t\t<img decoding=\"async\" src=\"https:\/\/inkrypto.pl\/blog\/wp-content\/plugins\/simple-link-directory\/assets\/images\/list-image-placeholder.png\" alt=\"\">\r\n\t\t\t\t\t\t\t\t<\/span>\r\n\t\t\t\t\t\t\t\t\t\t\t\t\t\t<\/a>\r\n\t\t\t\t\t\t\t<a class=\"qcld-con-list\" rel=\"nofollow\" href=\"http:\/\/monitoring%20przep\u0142yw\u00f3w%20na%20gie\u0142dy,%20rezerw%20BTC\/ETH,%20stablecoin\u00f3w,%20wska\u017aniki%20miner\u00f3w,%20dobre%20do%20oceny%20sentymentu.\" target=\"_blank\">\r\n\r\n\t\t\t\t\t\t\t<div class=\"qcld-sld-content-dividar visible\"><\/div>\r\n\t\t\t\t\t\t\t<!-- Link Text -->\r\n\t\t\t\t\t\t\t<div class=\"ca-content\">\r\n                                <h3 class=\"ca-main subtitle-absent\">\r\n\t\t\t\t\t\t\t\tCryptoQuant                                <\/h3>\r\n                                \t                                <p class=\"ca-sub\">\r\n\t                                \t                                <\/p>\r\n\t                                                        <\/div>\r\n\r\n\t\t\t\t\t\t<\/a>\r\n\t\t\t\t\t\t\t\t\t\t\t\t\r\n\t\t\t\t\t\t\t\t\t\t\t\t\r\n\t\t\t\t\t<\/li>\r\n\t\t\t\t\t\t\t\t\t\t\r\n\t\t\t\t\t<li id=\"item-3394-2\" style=\"\">\r\n\t\t\t\t\t\t\t\t\t\t\t\t<!-- List Anchor -->\r\n\t\t\t\t\t\t<a class=\"qcld-con-list-img\"  href=\"https:\/\/defillama.com\/\" >\r\n\r\n\t\t\t\t\t\t\t<!-- Image, If Present -->\r\n\t\t\t\t\t\t\t\t\t\t\t\t\t\t\t<span class=\"ca-icon list-img-1\">\r\n\t\t\t\t\t\t\t\t\t\t\t\t\t\t\t\t\t\t<img decoding=\"async\" src=\"https:\/\/inkrypto.pl\/blog\/wp-content\/uploads\/2026\/02\/defillama-150x133.webp\" alt=\"DeFiLlama\">\r\n\t\t\t\t\t\t\t\t<\/span>\r\n\t\t\t\t\t\t\t\t\t\t\t\t\t\t<\/a>\r\n\t\t\t\t\t\t\t<a class=\"qcld-con-list\"  href=\"https:\/\/defillama.com\/\" >\r\n\r\n\t\t\t\t\t\t\t<div class=\"qcld-sld-content-dividar visible\"><\/div>\r\n\t\t\t\t\t\t\t<!-- Link Text -->\r\n\t\t\t\t\t\t\t<div class=\"ca-content\">\r\n                                <h3 class=\"ca-main subtitle-present\">\r\n\t\t\t\t\t\t\t\tDeFiLlama                                <\/h3>\r\n                                \t                                <p class=\"ca-sub\">\r\n\t                                DefiLlama to zaawansowany agregator danych DeFi. DefiLlama Jest najwi\u0119kszym agregatorem TVL (Total Value Locked) w DeFi, \u015bledz\u0105cym tysi\u0105ce protoko\u0142\u00f3w i setki \u0142a\u0144cuch\u00f3w. Koncentruje si\u0119 na dok\u0142adnych, przejrzystych danych, bez reklam i p\u0142atnych listing\u00f3w, a dane s\u0105 w du\u017cej mierze open\u2011source.\t                                <\/p>\r\n\t                                                        <\/div>\r\n\r\n\t\t\t\t\t\t<\/a>\r\n\t\t\t\t\t\t\t\t\t\t\t\t\r\n\t\t\t\t\t\t\t\t\t\t\t\t\r\n\t\t\t\t\t<\/li>\r\n\t\t\t\t\t\t\t\t\t\t\r\n\t\t\t\t\t<li id=\"item-3394-3\" style=\"\">\r\n\t\t\t\t\t\t\t\t\t\t\t\t<!-- List Anchor -->\r\n\t\t\t\t\t\t<a class=\"qcld-con-list-img\" rel=\"nofollow\" href=\"https:\/\/lunarcrush.com\/\" target=\"_blank\">\r\n\r\n\t\t\t\t\t\t\t<!-- Image, If Present -->\r\n\t\t\t\t\t\t\t\t\t\t\t\t\t\t\t<span class=\"ca-icon list-img-1\">\r\n\t\t\t\t\t\t\t\t\t\t\t\t\t\t\t\t\t\t<img decoding=\"async\" src=\"https:\/\/inkrypto.pl\/blog\/wp-content\/uploads\/2026\/02\/lunarcrushlogo-150x85.png\" alt=\"LunarCrush\">\r\n\t\t\t\t\t\t\t\t<\/span>\r\n\t\t\t\t\t\t\t\t\t\t\t\t\t\t<\/a>\r\n\t\t\t\t\t\t\t<a class=\"qcld-con-list\" rel=\"nofollow\" href=\"https:\/\/lunarcrush.com\/\" target=\"_blank\">\r\n\r\n\t\t\t\t\t\t\t<div class=\"qcld-sld-content-dividar visible\"><\/div>\r\n\t\t\t\t\t\t\t<!-- Link Text -->\r\n\t\t\t\t\t\t\t<div class=\"ca-content\">\r\n                                <h3 class=\"ca-main subtitle-present\">\r\n\t\t\t\t\t\t\t\tLunarCrush                                <\/h3>\r\n                                \t                                <p class=\"ca-sub\">\r\n\t                                platforma do analizy spo\u0142eczno\u015bciowej stworzona specjalnie dla inwestor\u00f3w i trader\u00f3w kryptowalut. W przeciwie\u0144stwie do tradycyjnych tracker\u00f3w skupionych na wykresach cenowych i wolumenie, dostarcza g\u0142\u0119bokich informacji o trendach w mediach spo\u0142eczno\u015bciowych, sentymencie rynkowym i zaanga\u017cowaniu spo\u0142eczno\u015bci \u2014 analizuj\u0105c miliony interakcji na Twitterze\/X, Reddicie, YouTubie i innych platformach.\t                                <\/p>\r\n\t                                                        <\/div>\r\n\r\n\t\t\t\t\t\t<\/a>\r\n\t\t\t\t\t\t\t\t\t\t\t\t\r\n\t\t\t\t\t\t\t\t\t\t\t\t\r\n\t\t\t\t\t<\/li>\r\n\t\t\t\t\t\t\t\t\t<\/ul>\r\n\r\n\t\t\t<\/div>\r\n\t\t<\/div>\r\n\r\n\t\t\r\n\t\t<div class=\"sld-clearfix\"><\/div>\r\n\t\t\t<\/div>\r\n\t\t<div class=\"sld-clearfix\"><\/div>\r\n\t<\/div><\/div>\n","protected":false},"excerpt":{"rendered":"","protected":false},"author":1,"featured_media":0,"parent":0,"menu_order":0,"comment_status":"closed","ping_status":"closed","template":"","meta":{"site-sidebar-layout":"right-sidebar","site-content-layout":"","ast-site-content-layout":"default","site-content-style":"boxed","site-sidebar-style":"boxed","ast-global-header-display":"","ast-banner-title-visibility":"","ast-main-header-display":"","ast-hfb-above-header-display":"","ast-hfb-below-header-display":"","ast-hfb-mobile-header-display":"","site-post-title":"","ast-breadcrumbs-content":"","ast-featured-img":"","footer-sml-layout":"","ast-disable-related-posts":"","theme-transparent-header-meta":"","adv-header-id-meta":"","stick-header-meta":"","header-above-stick-meta":"","header-main-stick-meta":"","header-below-stick-meta":"","astra-migrate-meta-layouts":"default","ast-page-background-enabled":"default","ast-page-background-meta":{"desktop":{"background-color":"var(--ast-global-color-5)","background-image":"","background-repeat":"repeat","background-position":"center center","background-size":"auto","background-attachment":"scroll","background-type":"","background-media":"","overlay-type":"","overlay-color":"","overlay-opacity":"","overlay-gradient":""},"tablet":{"background-color":"","background-image":"","background-repeat":"repeat","background-position":"center center","background-size":"auto","background-attachment":"scroll","background-type":"","background-media":"","overlay-type":"","overlay-color":"","overlay-opacity":"","overlay-gradient":""},"mobile":{"background-color":"","background-image":"","background-repeat":"repeat","background-position":"center center","background-size":"auto","background-attachment":"scroll","background-type":"","background-media":"","overlay-type":"","overlay-color":"","overlay-opacity":"","overlay-gradient":""}},"ast-content-background-meta":{"desktop":{"background-color":"var(--ast-global-color-4)","background-image":"","background-repeat":"repeat","background-position":"center center","background-size":"auto","background-attachment":"scroll","background-type":"","background-media":"","overlay-type":"","overlay-color":"","overlay-opacity":"","overlay-gradient":""},"tablet":{"background-color":"var(--ast-global-color-4)","background-image":"","background-repeat":"repeat","background-position":"center center","background-size":"auto","background-attachment":"scroll","background-type":"","background-media":"","overlay-type":"","overlay-color":"","overlay-opacity":"","overlay-gradient":""},"mobile":{"background-color":"var(--ast-global-color-4)","background-image":"","background-repeat":"repeat","background-position":"center center","background-size":"auto","background-attachment":"scroll","background-type":"","background-media":"","overlay-type":"","overlay-color":"","overlay-opacity":"","overlay-gradient":""}},"footnotes":""},"class_list":["post-3380","page","type-page","status-publish","hentry"],"_links":{"self":[{"href":"https:\/\/inkrypto.pl\/blog\/wp-json\/wp\/v2\/pages\/3380","targetHints":{"allow":["GET"]}}],"collection":[{"href":"https:\/\/inkrypto.pl\/blog\/wp-json\/wp\/v2\/pages"}],"about":[{"href":"https:\/\/inkrypto.pl\/blog\/wp-json\/wp\/v2\/types\/page"}],"author":[{"embeddable":true,"href":"https:\/\/inkrypto.pl\/blog\/wp-json\/wp\/v2\/users\/1"}],"replies":[{"embeddable":true,"href":"https:\/\/inkrypto.pl\/blog\/wp-json\/wp\/v2\/comments?post=3380"}],"version-history":[{"count":5,"href":"https:\/\/inkrypto.pl\/blog\/wp-json\/wp\/v2\/pages\/3380\/revisions"}],"predecessor-version":[{"id":3399,"href":"https:\/\/inkrypto.pl\/blog\/wp-json\/wp\/v2\/pages\/3380\/revisions\/3399"}],"wp:attachment":[{"href":"https:\/\/inkrypto.pl\/blog\/wp-json\/wp\/v2\/media?parent=3380"}],"curies":[{"name":"wp","href":"https:\/\/api.w.org\/{rel}","templated":true}]}}