{"id":17,"date":"2025-11-22T22:05:40","date_gmt":"2025-11-22T22:05:40","guid":{"rendered":"https:\/\/inkrypto.pl\/?page_id=17"},"modified":"2026-02-17T19:01:56","modified_gmt":"2026-02-17T19:01:56","slug":"o-mnie","status":"publish","type":"page","link":"https:\/\/inkrypto.pl\/blog\/o-mnie\/","title":{"rendered":"O mnie"},"content":{"rendered":"\n<p>Moja przygoda z kryptowalutami zacz\u0119\u0142a si\u0119 ju\u017c w 2013 roku, kiedy pierwszy raz us\u0142ysza\u0142em o Bitcoinie. Jednak dopiero od 2017 roku zajmuj\u0119 si\u0119 krypto na powa\u017cnie \u2013 testowa\u0142em r\u00f3\u017cne gie\u0142dy, portfele, pr\u00f3bowa\u0142em rozmaitych sieci i \u015bledzi\u0142em przer\u00f3\u017cne tokeny.<\/p>\n\n\n\n<p>Zajmuj\u0119 si\u0119 z jednej strony bezpiecze\u0144stwem i analizami, a z drugiej uwielbiam obserwowa\u0107 trendy oraz poznawa\u0107 nowe projekty. Na tym blogu podziel\u0119 si\u0119 wiedz\u0105 jak wybra\u0107 dobry portfel, jak dba\u0107 o swoje krypto i na co zwraca\u0107 uwag\u0119 na r\u00f3\u017cnych gie\u0142dach. <\/p>\n\n\n\n<p><strong>Moja misja to pomaga\u0107 ludziom odnale\u017a\u0107 si\u0119 w nowej erze finans\u00f3w <\/strong>\u2013 \u015bwiecie, kt\u00f3ry w\u0142a\u015bnie mocno si\u0119 zmienia dzi\u0119ki technologii blockchain. Wierz\u0119, \u017ce rynek finansowy wchodzi w zupe\u0142nie nowy etap: stary system ust\u0119puje miejsca rozwi\u0105zaniom zdecentralizowanym, bez zb\u0119dnych po\u015brednik\u00f3w i z wi\u0119ksz\u0105 wolno\u015bci\u0105 dla ka\u017cdego.<\/p>\n\n\n\n<p>Chc\u0119, \u017ceby ka\u017cdy m\u00f3g\u0142 zrozumie\u0107, co si\u0119 dzieje i jak wykorzysta\u0107 to na w\u0142asn\u0105 korzy\u015b\u0107 \u2013 czy chodzi o bezpieczne trzymanie krypto, inwestowanie, czy po prostu ogarnianie nowych rozwi\u0105za\u0144. Pomagam przej\u015b\u0107 przez t\u0119 zmian\u0119, pokaza\u0107 szanse, unikn\u0105\u0107 pu\u0142apek i dobrze si\u0119 poczu\u0107 w tym cyfrowym \u015bwiecie.<\/p>\n","protected":false},"excerpt":{"rendered":"<p>Moja przygoda z kryptowalutami zacz\u0119\u0142a si\u0119 ju\u017c w 2013 roku, kiedy pierwszy raz us\u0142ysza\u0142em o Bitcoinie. Jednak dopiero od 2017 roku zajmuj\u0119 si\u0119 krypto na powa\u017cnie \u2013 testowa\u0142em r\u00f3\u017cne gie\u0142dy, portfele, pr\u00f3bowa\u0142em rozmaitych sieci i \u015bledzi\u0142em przer\u00f3\u017cne tokeny. Zajmuj\u0119 si\u0119 z jednej strony bezpiecze\u0144stwem i analizami, a z drugiej uwielbiam obserwowa\u0107 trendy oraz poznawa\u0107 nowe [&hellip;]<\/p>\n","protected":false},"author":1,"featured_media":0,"parent":0,"menu_order":0,"comment_status":"closed","ping_status":"closed","template":"","meta":{"site-sidebar-layout":"right-sidebar","site-content-layout":"","ast-site-content-layout":"default","site-content-style":"default","site-sidebar-style":"boxed","ast-global-header-display":"","ast-banner-title-visibility":"","ast-main-header-display":"","ast-hfb-above-header-display":"","ast-hfb-below-header-display":"","ast-hfb-mobile-header-display":"","site-post-title":"","ast-breadcrumbs-content":"","ast-featured-img":"","footer-sml-layout":"","ast-disable-related-posts":"","theme-transparent-header-meta":"","adv-header-id-meta":"","stick-header-meta":"","header-above-stick-meta":"","header-main-stick-meta":"","header-below-stick-meta":"","astra-migrate-meta-layouts":"default","ast-page-background-enabled":"default","ast-page-background-meta":{"desktop":{"background-color":"var(--ast-global-color-5)","background-image":"","background-repeat":"repeat","background-position":"center center","background-size":"auto","background-attachment":"scroll","background-type":"","background-media":"","overlay-type":"","overlay-color":"","overlay-opacity":"","overlay-gradient":""},"tablet":{"background-color":"","background-image":"","background-repeat":"repeat","background-position":"center center","background-size":"auto","background-attachment":"scroll","background-type":"","background-media":"","overlay-type":"","overlay-color":"","overlay-opacity":"","overlay-gradient":""},"mobile":{"background-color":"","background-image":"","background-repeat":"repeat","background-position":"center center","background-size":"auto","background-attachment":"scroll","background-type":"","background-media":"","overlay-type":"","overlay-color":"","overlay-opacity":"","overlay-gradient":""}},"ast-content-background-meta":{"desktop":{"background-color":"var(--ast-global-color-4)","background-image":"","background-repeat":"repeat","background-position":"center center","background-size":"auto","background-attachment":"scroll","background-type":"","background-media":"","overlay-type":"","overlay-color":"","overlay-opacity":"","overlay-gradient":""},"tablet":{"background-color":"var(--ast-global-color-4)","background-image":"","background-repeat":"repeat","background-position":"center center","background-size":"auto","background-attachment":"scroll","background-type":"","background-media":"","overlay-type":"","overlay-color":"","overlay-opacity":"","overlay-gradient":""},"mobile":{"background-color":"var(--ast-global-color-4)","background-image":"","background-repeat":"repeat","background-position":"center center","background-size":"auto","background-attachment":"scroll","background-type":"","background-media":"","overlay-type":"","overlay-color":"","overlay-opacity":"","overlay-gradient":""}},"footnotes":""},"class_list":["post-17","page","type-page","status-publish","hentry"],"_links":{"self":[{"href":"https:\/\/inkrypto.pl\/blog\/wp-json\/wp\/v2\/pages\/17","targetHints":{"allow":["GET"]}}],"collection":[{"href":"https:\/\/inkrypto.pl\/blog\/wp-json\/wp\/v2\/pages"}],"about":[{"href":"https:\/\/inkrypto.pl\/blog\/wp-json\/wp\/v2\/types\/page"}],"author":[{"embeddable":true,"href":"https:\/\/inkrypto.pl\/blog\/wp-json\/wp\/v2\/users\/1"}],"replies":[{"embeddable":true,"href":"https:\/\/inkrypto.pl\/blog\/wp-json\/wp\/v2\/comments?post=17"}],"version-history":[{"count":3,"href":"https:\/\/inkrypto.pl\/blog\/wp-json\/wp\/v2\/pages\/17\/revisions"}],"predecessor-version":[{"id":3400,"href":"https:\/\/inkrypto.pl\/blog\/wp-json\/wp\/v2\/pages\/17\/revisions\/3400"}],"wp:attachment":[{"href":"https:\/\/inkrypto.pl\/blog\/wp-json\/wp\/v2\/media?parent=17"}],"curies":[{"name":"wp","href":"https:\/\/api.w.org\/{rel}","templated":true}]}}